{"id":7,"date":"2020-12-09T09:35:32","date_gmt":"2020-12-09T09:35:32","guid":{"rendered":"http:\/\/portygm.com.tr\/?page_id=7"},"modified":"2020-12-09T15:20:46","modified_gmt":"2020-12-09T15:20:46","slug":"hakkimizda","status":"publish","type":"page","link":"https:\/\/portygm.com.tr\/?page_id=7","title":{"rendered":"Hakk\u0131m\u0131zda"},"content":{"rendered":"\n<p>\u015eirketimiz;&nbsp;&nbsp;4458 say\u0131l\u0131,&nbsp;&nbsp;G\u00fcmr\u00fck Kanununun 10 ve 226 nc\u0131 maddeleri ile G\u00fcmr\u00fck Y\u00f6netmeli\u011finin 574 \u00fcnc\u00fc maddesine istinaden haz\u0131rlanan; Yetkilendirilmi\u015f G\u00fcmr\u00fck M\u00fc\u015favirli\u011fi Tebli\u011fi \u015fartlar\u0131na g\u00f6re kurulmu\u015ftur.<\/p>\n\n\n\n<p>Kamu ad\u0131na i\u015f ve i\u015flem y\u00fcr\u00fctt\u00fc\u011f\u00fcn\u00fcn bilincinde olarak kamu kurumlar\u0131 i\u00e7in \u00f6ng\u00f6r\u00fclen etik k\u00fclt\u00fcr\u00fcn\u00fc benimsemeyi ve bu k\u00fclt\u00fcre uygun bir \u00e7al\u0131\u015fma ya\u015fam\u0131 belirlemeyi kendine ilke edinmi\u015ftir.<\/p>\n\n\n\n<p><strong>Mesleki Prensiplerimiz<\/strong>; Mesleki Sorumluluk; G\u00fcmr\u00fck ve Ticaret Mevzuat\u0131na Uygunluk;<\/p>\n\n\n\n<p>&nbsp;Proaktif &amp; \u00c7\u00f6z\u00fcm Odakl\u0131 Hizmet; Gizlilik; Etik De\u011ferlere Ba\u011f\u0131ml\u0131l\u0131k ve \u0130\u015f G\u00fcvenli\u011finin sa\u011flanmas\u0131d\u0131r.<\/p>\n\n\n\n<p><strong>Ba\u015fl\u0131ca Hizmetlerimiz<\/strong>:<\/p>\n\n\n\n<p><strong>1<\/strong>-Genel ve \u00d6zel&nbsp;Antrepolara&nbsp;\u0130li\u015fkin Tespit \u0130\u015flemleri<\/p>\n\n\n\n<p>AN1 ila AN9 Antrepo Tespit \u0130\u015flemleri<\/p>\n\n\n\n<p><strong>2-<\/strong>&nbsp;Di\u011fer Ekonomik Etkili G\u00fcmr\u00fck Rejimlerine \u0130li\u015fkin&nbsp; Tespit \u0130\u015flemleri<\/p>\n\n\n\n<p>Ge\u00e7ici \u0130thalat<\/p>\n\n\n\n<p>G\u00fcmr\u00fck Kontrol\u00fc Alt\u0131nda \u0130\u015fleme Rejimi<\/p>\n\n\n\n<p>Nihai Kullan\u0131m<\/p>\n\n\n\n<p>&nbsp;Dahilde \u0130\u015fleme Rejimi Tespit \u0130\u015flemleri<\/p>\n\n\n\n<p><strong>3-<\/strong>&nbsp;Men\u015fe Mevzuat\u0131na \u0130li\u015fkin&nbsp; Tespit \u0130\u015flemleri<\/p>\n\n\n\n<p>EUR1 ve Tedarik\u00e7i Beyan\u0131 Tespit \u0130\u015flemleri<\/p>\n\n\n\n<p><strong>4<\/strong>-OKSB, Beyannamede D\u00fczeltmeye Y\u00f6nelik Tespit \u0130\u015flemleri<\/p>\n\n\n\n<p><strong>5-<\/strong>&nbsp;Tebli\u011f Kapsam\u0131 Di\u011fer Tespit \u0130\u015flemleri<\/p>\n\n\n\n<p><strong>6-<\/strong>&nbsp;Dan\u0131\u015fmanl\u0131k Hizmetleri<\/p>\n\n\n\n<p>Mevzuata uygun bir \u015fekilde yerine getirilmesi i\u00e7in g\u00f6rev yapmaktay\u0131z.<\/p>\n","protected":false},"excerpt":{"rendered":"<p>\u015eirketimiz;&nbsp;&nbsp;4458 say\u0131l\u0131,&nbsp;&nbsp;G\u00fcmr\u00fck Kanununun 10 ve 226 nc\u0131 maddeleri ile G\u00fcmr\u00fck Y\u00f6netmeli\u011finin 574 \u00fcnc\u00fc maddesine istinaden haz\u0131rlanan; Yetkilendirilmi\u015f G\u00fcmr\u00fck M\u00fc\u015favirli\u011fi Tebli\u011fi \u015fartlar\u0131na g\u00f6re kurulmu\u015ftur. Kamu ad\u0131na i\u015f ve i\u015flem y\u00fcr\u00fctt\u00fc\u011f\u00fcn\u00fcn bilincinde olarak kamu kurumlar\u0131 i\u00e7in \u00f6ng\u00f6r\u00fclen etik k\u00fclt\u00fcr\u00fcn\u00fc benimsemeyi ve bu k\u00fclt\u00fcre uygun bir \u00e7al\u0131\u015fma ya\u015fam\u0131 belirlemeyi kendine ilke edinmi\u015ftir. Mesleki Prensiplerimiz; Mesleki Sorumluluk; G\u00fcmr\u00fck ve&hellip; <br \/> <a class=\"button small blue\" href=\"https:\/\/portygm.com.tr\/?page_id=7\">Devam\u0131<\/a><\/p>\n","protected":false},"author":1,"featured_media":0,"parent":0,"menu_order":0,"comment_status":"closed","ping_status":"closed","template":"","meta":[],"_links":{"self":[{"href":"https:\/\/portygm.com.tr\/index.php?rest_route=\/wp\/v2\/pages\/7"}],"collection":[{"href":"https:\/\/portygm.com.tr\/index.php?rest_route=\/wp\/v2\/pages"}],"about":[{"href":"https:\/\/portygm.com.tr\/index.php?rest_route=\/wp\/v2\/types\/page"}],"author":[{"embeddable":true,"href":"https:\/\/portygm.com.tr\/index.php?rest_route=\/wp\/v2\/users\/1"}],"replies":[{"embeddable":true,"href":"https:\/\/portygm.com.tr\/index.php?rest_route=%2Fwp%2Fv2%2Fcomments&post=7"}],"version-history":[{"count":4,"href":"https:\/\/portygm.com.tr\/index.php?rest_route=\/wp\/v2\/pages\/7\/revisions"}],"predecessor-version":[{"id":108,"href":"https:\/\/portygm.com.tr\/index.php?rest_route=\/wp\/v2\/pages\/7\/revisions\/108"}],"wp:attachment":[{"href":"https:\/\/portygm.com.tr\/index.php?rest_route=%2Fwp%2Fv2%2Fmedia&parent=7"}],"curies":[{"name":"wp","href":"https:\/\/api.w.org\/{rel}","templated":true}]}}