{"id":51,"date":"2020-12-09T09:53:54","date_gmt":"2020-12-09T09:53:54","guid":{"rendered":"http:\/\/portygm.com.tr\/?page_id=51"},"modified":"2020-12-09T09:54:08","modified_gmt":"2020-12-09T09:54:08","slug":"danismaklik-hizmetleri","status":"publish","type":"page","link":"https:\/\/portygm.com.tr\/?page_id=51","title":{"rendered":"Dan\u0131\u015fmakl\u0131k Hizmetleri"},"content":{"rendered":"\n<p>* YETK\u0130LEND\u0130R\u0130LM\u0130\u015e Y\u00dcK\u00dcML\u00dc MEVZUATI VE DANI\u015eMANLI\u011eI&nbsp; (AEO Dan\u0131\u015fmanl\u0131k)<br>* EKONOM\u0130K ETK\u0130L\u0130 G\u00dcMR\u00dcK REJ\u0130MLER\u0130 ve T\u00dcM G\u00dcMR\u00dcK \u0130\u015eLEMLER\u0130<br>* VERG\u0130-RES\u0130M VE FONLAR<br>* MEN\u015eE-TAR\u0130FE-KIYMET-ROYALT\u0130 L\u0130SANS<br>* GV-KDV-\u00d6TV-DV-KKDF-FONLAR<br>* MUAF\u0130YETLER-\u015eARTLI MUAF\u0130YETLER<br>* SERBEST B\u00d6LGELER<br>* T\u00dcRK PARASININ KIYMET\u0130 KANUNU-KAMB\u0130YO MEVZUATI<br>* KA\u00c7AK\u00c7ILIKLA M\u00dcCADELE MEVZUATI-T\u00dcRK CEZA YASASI<br>* ONAYLANMI\u015e K\u0130\u015e\u0130 STAT\u00dc MEVZUATI<br>* \u0130L\u0130G\u0130L\u0130 KURUMLARIN MEVZUATI<\/p>\n","protected":false},"excerpt":{"rendered":"<p>* YETK\u0130LEND\u0130R\u0130LM\u0130\u015e Y\u00dcK\u00dcML\u00dc MEVZUATI VE DANI\u015eMANLI\u011eI&nbsp; (AEO Dan\u0131\u015fmanl\u0131k)* EKONOM\u0130K ETK\u0130L\u0130 G\u00dcMR\u00dcK REJ\u0130MLER\u0130 ve T\u00dcM G\u00dcMR\u00dcK \u0130\u015eLEMLER\u0130* VERG\u0130-RES\u0130M VE FONLAR* MEN\u015eE-TAR\u0130FE-KIYMET-ROYALT\u0130 L\u0130SANS* GV-KDV-\u00d6TV-DV-KKDF-FONLAR* MUAF\u0130YETLER-\u015eARTLI MUAF\u0130YETLER* SERBEST B\u00d6LGELER* T\u00dcRK PARASININ KIYMET\u0130 KANUNU-KAMB\u0130YO MEVZUATI* KA\u00c7AK\u00c7ILIKLA M\u00dcCADELE MEVZUATI-T\u00dcRK CEZA YASASI* ONAYLANMI\u015e K\u0130\u015e\u0130 STAT\u00dc MEVZUATI* \u0130L\u0130G\u0130L\u0130 KURUMLARIN MEVZUATI<\/p>\n","protected":false},"author":1,"featured_media":0,"parent":40,"menu_order":3,"comment_status":"closed","ping_status":"closed","template":"","meta":[],"_links":{"self":[{"href":"https:\/\/portygm.com.tr\/index.php?rest_route=\/wp\/v2\/pages\/51"}],"collection":[{"href":"https:\/\/portygm.com.tr\/index.php?rest_route=\/wp\/v2\/pages"}],"about":[{"href":"https:\/\/portygm.com.tr\/index.php?rest_route=\/wp\/v2\/types\/page"}],"author":[{"embeddable":true,"href":"https:\/\/portygm.com.tr\/index.php?rest_route=\/wp\/v2\/users\/1"}],"replies":[{"embeddable":true,"href":"https:\/\/portygm.com.tr\/index.php?rest_route=%2Fwp%2Fv2%2Fcomments&post=51"}],"version-history":[{"count":2,"href":"https:\/\/portygm.com.tr\/index.php?rest_route=\/wp\/v2\/pages\/51\/revisions"}],"predecessor-version":[{"id":53,"href":"https:\/\/portygm.com.tr\/index.php?rest_route=\/wp\/v2\/pages\/51\/revisions\/53"}],"up":[{"embeddable":true,"href":"https:\/\/portygm.com.tr\/index.php?rest_route=\/wp\/v2\/pages\/40"}],"wp:attachment":[{"href":"https:\/\/portygm.com.tr\/index.php?rest_route=%2Fwp%2Fv2%2Fmedia&parent=51"}],"curies":[{"name":"wp","href":"https:\/\/api.w.org\/{rel}","templated":true}]}}