{"id":49,"date":"2020-12-09T09:52:27","date_gmt":"2020-12-09T09:52:27","guid":{"rendered":"http:\/\/portygm.com.tr\/?page_id=49"},"modified":"2020-12-09T09:52:27","modified_gmt":"2020-12-09T09:52:27","slug":"yetkilendirilmis-yukumlu-sertifikalandirilmasi-yss","status":"publish","type":"page","link":"https:\/\/portygm.com.tr\/?page_id=49","title":{"rendered":"Yetkilendirilmi\u015f Y\u00fck\u00fcml\u00fc Sertifikaland\u0131r\u0131lmas\u0131 (YSS)"},"content":{"rendered":"\n<p>G\u00fcmr\u00fck ve Ticaret Bakanl\u0131\u011f\u0131n\u0131n 21&nbsp;May\u0131s 2014, 29006 Say\u0131l\u0131 Resmi Gazete yay\u0131nlanan \u201cG\u00fcmr\u00fck \u0130\u015flemlerinin kolayla\u015ft\u0131r\u0131lmas\u0131 y\u00f6netmeli\u011fi\u201d kapsam\u0131nda Yetkilendirilmi\u015f Y\u00fck\u00fcml\u00fc (<strong>AEO Authorized&nbsp;Economic Operator<\/strong>) ve Authorized&nbsp;Carrier (<strong>Authorized&nbsp;Carrier)<\/strong>&nbsp;konular\u0131nda Dan\u0131\u015fmanl\u0131k Faaliyetleri ger\u00e7ekle\u015ftirmekteyiz.<\/p>\n\n\n\n<p>Rekabetin durmadan artt\u0131\u011f\u0131 g\u00fcn\u00fcm\u00fcz D\u00fcnyas\u0131nda, kurumlar maliyetlerini azaltmak ve rekabet g\u00fcc\u00fcn\u00fc artt\u0131rmak ad\u0131na yeni yakla\u015f\u0131mlar aramaktad\u0131rlar. Kurumlar Lojistik &nbsp;kapasitelerini artt\u0131r\u0131ken ayn\u0131 zamanda maliyetlerini d\u00fc\u015f\u00fcrerek m\u00fc\u015fteri ve i\u015f ortaklar\u0131na de\u011fer katmay\u0131 hedeflemektedirler. Bu nedenle; kurumlar, lojistik ve g\u00fcmr\u00fckleme maliyetlerini d\u00fc\u015f\u00fcrmek, kararl\u0131 ve h\u0131zl\u0131 b\u00fcy\u00fcmek, y\u00fcksek rekabet g\u00fcc\u00fcne sahip olmak ve ticaret g\u00fcc\u00fcn\u00fc att\u0131rabilmek i\u00e7in Yetkilendirilmi\u015f Y\u00fck\u00fcml\u00fc belgesine ihtiya\u00e7 duymaktad\u0131r.<\/p>\n\n\n\n<p><strong>G\u00dcMR\u00dcK \u0130\u015eLEMLER\u0130N\u0130N KOLAYLA\u015eTIRILMASI Y\u00d6NETMEL\u0130\u011e\u0130<\/strong><\/p>\n\n\n\n<p>G\u00fcmr\u00fck ve Ticaret Bakanl\u0131\u011f\u0131 taraf\u0131ndan ihracata y\u00f6nelik t\u00fcm g\u00fcmr\u00fck i\u015flemlerinde \u00e7e\u015fitli kolayl\u0131klar sa\u011flamay\u0131 hedefleyen \u201cG\u00fcmr\u00fck \u0130\u015flemlerinin Kolayla\u015ft\u0131r\u0131lmas\u0131 Y\u00f6netmeli\u011fi\u201d 21&nbsp;May\u0131s 2014, 29006 Say\u0131l\u0131 Resmi Gazete yay\u0131nlanm\u0131\u015ft\u0131r. S\u00f6z konusu y\u00f6netmelikte g\u00fcmr\u00fck i\u015flemlerinde emniyet ve g\u00fcvenlik kontrollerine ili\u015fkin kolayla\u015ft\u0131rmalardan yararlanmak \u00fczere \u201cYetkilendirilmi\u015f Y\u00fck\u00fcml\u00fc\u201d belgesi verilmesine ili\u015fkin d\u00fczenlemeler yer almaktad\u0131r.<\/p>\n\n\n\n<p><strong>YETK\u0130LEND\u0130R\u0130LM\u0130\u015e Y\u00dcK\u00dcML\u00dc BELGES\u0130N\u0130N FAYDALARI<\/strong><\/p>\n\n\n\n<p>\u201cYerinde G\u00fcmr\u00fckleme\u201d; g\u00fcvenilir oldu\u011fu onaylanm\u0131\u015f firmalar\u0131n mallar\u0131na ili\u015fkin g\u00fcmr\u00fck i\u015flemlerinin, g\u00fcmr\u00fck idaresi yerine firmalar\u0131n kendi tesislerinde ger\u00e7ekle\u015ftirmesidir.<br>\u201cYerinde G\u00fcmr\u00fckleme\u201d haklar\u0131nda sadece \u201cYetkilendirilmi\u015f Y\u00fck\u00fcml\u00fc\u201d belgesine sahip ve uygulamaya ili\u015fkin ilgili ek ko\u015ful veya ko\u015fullar\u0131 sa\u011flayan kurumlar yararlanabilmektedir. \u0130hracatta yerinde g\u00fcmr\u00fckleme ile birlikte e\u015fyan\u0131n ihra\u00e7 i\u015flemlerini ta\u015f\u0131y\u0131c\u0131 firman\u0131n kendi tesislerinde basitle\u015ftirilmi\u015f kural ve y\u00f6ntemler \u00e7er\u00e7evesinde yap\u0131lmas\u0131 suretiyle, e\u015fyan\u0131n ihracat g\u00fcmr\u00fck m\u00fcd\u00fcrl\u00fc\u011f\u00fcne getirilmeden do\u011frudan \u00e7\u0131k\u0131\u015f g\u00fcmr\u00fck idaresine sevk edilmesi sa\u011flanmaktad\u0131r.<\/p>\n\n\n\n<p><strong>YETK\u0130LEND\u0130R\u0130LM\u0130\u015e Y\u00dcK\u00dcML\u00dc STAT\u00dcS\u00dc KURUMA NE SA\u011eLAR<\/strong><\/p>\n\n\n\n<ul><li>%50\u2019ye varan oranlarda Maliyet ve S\u00fcre avantaj\u0131<\/li><li>S\u0131n\u0131r kap\u0131lar\u0131nda \u00f6ncelikli ge\u00e7i\u015f hakk\u0131,<\/li><li>E\u015fyan\u0131n do\u011frudan tesislere sevk edilmesi,<\/li><li>Daha kolay Yasal Ticaret imkan\u0131,<\/li><li>Eksik beyan usul\u00fc,<\/li><li>K\u0131smi Teminat Uygulamas\u0131,<\/li><li>Ye\u015fil&nbsp;hat uygulamas\u0131,<\/li><li>G\u00fcmr\u00fckleme, ta\u015f\u0131ma ve antrepo maliyetlerinin d\u00fc\u015f\u00fcr\u00fclmesi,<\/li><li>Beyannamenin belge kontrollerine tabi tutulmas\u0131 halinde kontrollerin \u00f6ncelikli yap\u0131lmas\u0131,<\/li><li>Beyanname kapsam\u0131 e\u015fyan\u0131n muayeneye tabi tutulmas\u0131 halinde muayenenin \u00f6ncelikli yap\u0131lmas\u0131<\/li><li>T\u00fcm D\u00fcnyada tan\u0131n ve y\u00fcksek itibar,<\/li><li>Uluslararas\u0131 pazarda rekabet avantaj\u0131.<\/li><li>Yetkilendirilmi\u015f Y\u00fck\u00fcml\u00fc Sertifikas\u0131, \u015fartlar sa\u011fland\u0131\u011f\u0131 s\u00fcrece s\u00fcresiz devam eder.<\/li><li>Ayr\u0131cal\u0131kl\u0131 AEO logosu ile anla\u015fmaya taraf \u00fclkelerce uyguland\u0131\u011f\u0131ndan globaldir.<\/li><\/ul>\n\n\n\n<p><strong>YETK\u0130LEND\u0130R\u0130LM\u0130\u015e Y\u00dcK\u00dcML\u00dc SERT\u0130F\u0130KASI ALAN \u0130THALAT\u00c7I;<\/strong><\/p>\n\n\n\n<p>Sertifikan\u0131n sa\u011flad\u0131\u011f\u0131 hak ve kolayl\u0131klardan iki a\u015famada yararlanabilir,<\/p>\n\n\n\n<p>1. A\u015famadaki haklardan sertifikay\u0131 alan herkes kullanabilir.<br>2. A\u015fama haklardan faydalanmak i\u00e7in ilave \u015fartlar\u0131 sa\u011flamak gereklidir.<\/p>\n\n\n\n<p><strong>1.A\u015eAMADA KULLANILAN HAKLAR<\/strong><\/p>\n\n\n\n<ul><li>Ye\u015fil Hat (E\u015fyan\u0131n belge kontrol\u00fcne veya muayeneye tabi tutulmad\u0131\u011f\u0131 hat olarak tan\u0131mlan\u0131r)<\/li><li>Eksik Belgeyle Beyan<\/li><li>Ta\u015f\u0131t \u00fcst\u00fcnde (Supalan) i\u015flem,<\/li><li>K\u0131smi teminat (%10)<\/li><\/ul>\n\n\n\n<p><strong>2.A\u015eAMADAK\u0130 HAKLARDAN (YER\u0130NDE G\u00dcMR\u00dcKLEME) YARARLANAB\u0130LMEK \u0130\u00c7\u0130N ARANAN&nbsp;<\/strong><\/p>\n\n\n\n<p><strong>EK \u015eARTLAR<\/strong><\/p>\n\n\n\n<ul><li>\u0130malat\u00e7\u0131 Kapasite Raporu<\/li><li>20 Milyon Amerikan Dolar\u0131 tutar\u0131nda toplam ithalat ve ihracat yap\u0131lmas\u0131 veya 5 milyon Amerikan Dolar\u0131 Tutar\u0131nda ihracat yap\u0131lmas\u0131 veya 20 milyon Amerikan Dolar\u0131 Tutar\u0131nda toplam ithalat yap\u0131lm\u0131\u015f olmas\u0131 gereklidir.<\/li><\/ul>\n\n\n\n<p><strong>2. A\u015eAMADA YARARLANILACAK HAKLAR<\/strong><\/p>\n\n\n\n<ul><li>\u0130thalatta Yerinde G\u00fcmr\u00fckleme: E\u015fyan\u0131n ithalat g\u00fcmr\u00fck idaresine getirilmeden yurda ilk giri\u015f g\u00fcmr\u00fck idaresinden do\u011frudan firman\u0131n kendi veya anla\u015fmal\u0131 tesisine sevk edilmesidir. Bu tesis yerinde g\u00fcmr\u00fckleme izni al\u0131n\u0131rken kayda al\u0131nan tesistir.<\/li><li>Depolama alan\u0131na gelen ithal e\u015fya,&nbsp;<strong>48 saat i\u00e7erisinde getirildi\u011fi ta\u015f\u0131ttan bo\u015falt\u0131lmadan ithal edilebilir.<\/strong><\/li><li>Depolama alan\u0131na al\u0131nan e\u015fyan\u0131n ithalat\u0131 tesise var\u0131\u015f bildirimi tarihinden itibaren<strong>&nbsp;azami 20 g\u00fcn i\u00e7erisinde tamamlan\u0131r.<\/strong><\/li><\/ul>\n\n\n\n<p><strong>K\u0130MLER YETK\u0130LEND\u0130R\u0130LM\u0130\u015e Y\u00dcK\u00dcML\u00dc STAT\u00dcS\u00dcNE SAH\u0130P OLAB\u0130L\u0130R?<\/strong><\/p>\n\n\n\n<ul><li>Ticari Kay\u0131tlar \u0130zlenebilir,<\/li><li>Mali Yeterlili\u011fe sahip,<\/li><li>G\u00fcvenilir,<\/li><li>Emniyet ve G\u00fcvenlik Kriterlerini sa\u011flayan,<\/li><li>En az \u00fc\u00e7 (3) y\u0131ld\u0131r faaliyette bulunan,<\/li><li>1 y\u0131lda 100 adet beyan etmi\u015f olan (\u0130thalat, \u0130hracat, Antrepo, Transit, T1 Beyan\u0131)<\/li><li>Uzman personel istihdam eden,<\/li><li>ISO 9001 ve ISO 27001 belge sahibi,<\/li><li>Soru Formu Ek-2 doldurmu\u015f olan (108 soru) (Her y\u0131l Yetkilendirilmi\u015f G\u00fcmr\u00fck M\u00fc\u015favirince denetlerek g\u00fcncellenir.)<\/li><li>Yerinde inceleme de\u011ferlendirme \u201cEk-7\u201d formundan yeterli puan\u0131n alan,<\/li><li>3 Y\u0131ll\u0131k YMM Mali yeterlilik raporu verebilen,<\/li><li>Y\u00f6netim Kurulu \u00dcyelerinden belirtilen Adli Sicil Kay\u0131tlar\u0131 olmayan,<\/li><li>Vergi ve SGK borcu olmayan,<\/li><li>T\u00fcrkiye\u2019de yerle\u015fik ger\u00e7ek ve t\u00fczel ki\u015filer ile kamu kurum ve kurulu\u015flar\u0131 sahip olabilir,<\/li><li>\u0130hracatta yerinde g\u00fcmr\u00fckleme izni i\u00e7in; &nbsp;\u201cYetkilendirilmi\u015f Y\u00fck\u00fcml\u00fc sertifikas\u0131na sahip ki\u015filere, ba\u015fvuru y\u0131l\u0131ndan bir \u00f6nceki takvim y\u0131l\u0131 veya ba\u015fvurunun kayda al\u0131nd\u0131\u011f\u0131 ay\u0131n ilk g\u00fcn\u00fcnden geriye d\u00f6n\u00fck bir y\u0131l i\u00e7erisinde asgari&nbsp;<strong>5 milyon FOB\/ABD dolar\u0131<\/strong>&nbsp;tutar\u0131nda fiili ihracat yapm\u0131\u015f olmak \u015fart\u0131yla\u201d yerinde g\u00fcmr\u00fckleme izni verilir. \u0130thalat i\u00e7in bu tutar&nbsp;<strong>20 milyon ABD Dolar\u0131d\u0131r<\/strong>.<\/li><\/ul>\n\n\n\n<p><strong>YETK\u0130LEND\u0130R\u0130LM\u0130\u015e Y\u00dcK\u00dcML\u00dc BA\u015eVURUSU SIRASINDA HANG\u0130 BELGELER \u0130STEN\u0130R?<\/strong><\/p>\n\n\n\n<ul><li>Ba\u015fvuru Formu,<\/li><li>Soru Formu,<\/li><li>Adli Sicil Belgeleri\/Beyan Formlar\u0131,<\/li><li>Borcu Yoktur Belgesi,<\/li><li>ISO 9001 VE ISO 27001 Sertifikalar\u0131,<\/li><li>Yeminli Mali M\u00fc\u015favir Raporu.<\/li><\/ul>\n","protected":false},"excerpt":{"rendered":"<p>G\u00fcmr\u00fck ve Ticaret Bakanl\u0131\u011f\u0131n\u0131n 21&nbsp;May\u0131s 2014, 29006 Say\u0131l\u0131 Resmi Gazete yay\u0131nlanan \u201cG\u00fcmr\u00fck \u0130\u015flemlerinin kolayla\u015ft\u0131r\u0131lmas\u0131 y\u00f6netmeli\u011fi\u201d kapsam\u0131nda Yetkilendirilmi\u015f Y\u00fck\u00fcml\u00fc (AEO Authorized&nbsp;Economic Operator) ve Authorized&nbsp;Carrier (Authorized&nbsp;Carrier)&nbsp;konular\u0131nda Dan\u0131\u015fmanl\u0131k Faaliyetleri ger\u00e7ekle\u015ftirmekteyiz. Rekabetin durmadan artt\u0131\u011f\u0131 g\u00fcn\u00fcm\u00fcz D\u00fcnyas\u0131nda, kurumlar maliyetlerini azaltmak ve rekabet g\u00fcc\u00fcn\u00fc artt\u0131rmak ad\u0131na yeni yakla\u015f\u0131mlar aramaktad\u0131rlar. Kurumlar Lojistik &nbsp;kapasitelerini artt\u0131r\u0131ken ayn\u0131 zamanda maliyetlerini d\u00fc\u015f\u00fcrerek m\u00fc\u015fteri ve i\u015f ortaklar\u0131na&hellip; <br \/> <a class=\"button small blue\" href=\"https:\/\/portygm.com.tr\/?page_id=49\">Devam\u0131<\/a><\/p>\n","protected":false},"author":1,"featured_media":0,"parent":40,"menu_order":2,"comment_status":"closed","ping_status":"closed","template":"","meta":[],"_links":{"self":[{"href":"https:\/\/portygm.com.tr\/index.php?rest_route=\/wp\/v2\/pages\/49"}],"collection":[{"href":"https:\/\/portygm.com.tr\/index.php?rest_route=\/wp\/v2\/pages"}],"about":[{"href":"https:\/\/portygm.com.tr\/index.php?rest_route=\/wp\/v2\/types\/page"}],"author":[{"embeddable":true,"href":"https:\/\/portygm.com.tr\/index.php?rest_route=\/wp\/v2\/users\/1"}],"replies":[{"embeddable":true,"href":"https:\/\/portygm.com.tr\/index.php?rest_route=%2Fwp%2Fv2%2Fcomments&post=49"}],"version-history":[{"count":1,"href":"https:\/\/portygm.com.tr\/index.php?rest_route=\/wp\/v2\/pages\/49\/revisions"}],"predecessor-version":[{"id":50,"href":"https:\/\/portygm.com.tr\/index.php?rest_route=\/wp\/v2\/pages\/49\/revisions\/50"}],"up":[{"embeddable":true,"href":"https:\/\/portygm.com.tr\/index.php?rest_route=\/wp\/v2\/pages\/40"}],"wp:attachment":[{"href":"https:\/\/portygm.com.tr\/index.php?rest_route=%2Fwp%2Fv2%2Fmedia&parent=49"}],"curies":[{"name":"wp","href":"https:\/\/api.w.org\/{rel}","templated":true}]}}