{"id":47,"date":"2020-12-09T09:50:51","date_gmt":"2020-12-09T09:50:51","guid":{"rendered":"http:\/\/portygm.com.tr\/?page_id=47"},"modified":"2020-12-09T09:50:51","modified_gmt":"2020-12-09T09:50:51","slug":"yetkilendirilmis-gumruk-musavirligi","status":"publish","type":"page","link":"https:\/\/portygm.com.tr\/?page_id=47","title":{"rendered":"Yetkilendirilmi\u015f G\u00fcmr\u00fck M\u00fc\u015favirli\u011fi"},"content":{"rendered":"\n<p><br><\/p>\n\n\n\n<p>Genel ve \u00f6zel antrepolara ili\u015fkin tespit i\u015flemleri;<\/p>\n\n\n\n<p><br>1) AN1, antreponun a\u00e7\u0131lmas\u0131na ili\u015fkin ba\u015fvuru dosyalar\u0131n\u0131n \u00f6n incelemesini,<br><strong>2) AN2<\/strong>, antrepoda geni\u015fletme, daraltma i\u015flemlerine ili\u015fkin ba\u015fvuru dosyalar\u0131n\u0131n \u00f6n incelemesini,<br><strong>3) AN3<\/strong>, antrepodaki tadilatlara ili\u015fkin ba\u015fvuru dosyalar\u0131n\u0131n \u00f6n incelemesini,<br><strong>4) AN4<\/strong>, antrepodaki adres de\u011fi\u015fikli\u011fine ili\u015fkin ba\u015fvuru dosyalar\u0131n\u0131n \u00f6n incelemesini,<br><strong>5) AN5<\/strong>, G\u00fcmr\u00fck Y\u00f6netmeli\u011finin 523 \u00fcnc\u00fc maddesi \u00e7er\u00e7evesinde antreponun devir i\u015flemlerinin mevzuata uygunlu\u011funun incelenmesini,<br><strong>6) AN6<\/strong>, \u00f6zel antrepoya e\u015fya giri\u015f \u00e7\u0131k\u0131\u015f i\u015flemlerinin tespiti ile g\u00fcmr\u00fck y\u00fck\u00fcml\u00fcl\u00fc\u011f\u00fc sona erdikten sonra varsa ilgili kurumlarca yap\u0131lacak kontrol sonu\u00e7lar\u0131na g\u00f6re g\u00fcmr\u00fck g\u00f6zetiminin sonland\u0131r\u0131lmas\u0131n\u0131n tespitini,<br><strong>7) AN7<\/strong>, antrepoda stok kay\u0131tlar\u0131n\u0131n alt\u0131\u015far ayl\u0131k d\u00f6nemler itibariyle tespitini,<br><strong>8) AN8<\/strong>, genel antrepoya e\u015fya giri\u015f \u00e7\u0131k\u0131\u015f i\u015flemlerinin tespiti ile g\u00fcmr\u00fck y\u00fck\u00fcml\u00fcl\u00fc\u011f\u00fc sona erdikten sonra varsa ilgili kurumlarca yap\u0131lacak kontrol sonu\u00e7lar\u0131na g\u00f6re g\u00fcmr\u00fck g\u00f6zetiminin sonland\u0131r\u0131lmas\u0131n\u0131n tespitini<br><strong>9) AN9<\/strong>, antrepo rejimine tabi e\u015fyan\u0131n elle\u00e7leme i\u015flemlerinin tespitini, kapsar.<\/p>\n\n\n\n<ul><li>Ge\u00e7ici ithalat rejimine ili\u015fkin tespit i\u015flemleri,<\/li><\/ul>\n\n\n\n<p><br><strong>1) GC1<\/strong>, k\u0131smi muafiyet suretiyle ge\u00e7ici ithalat rejimine konu e\u015fya ile tam muafiyet suretiyle ge\u00e7ici ithalat rejimine konu mesleki te\u00e7hizat, ambalaj maddeleri, \u00f6zel nitelikli e\u015fya ve numunelere ili\u015fkin s\u00fcre uzat\u0131m\u0131 talebinde, e\u015fyan\u0131n rejimin \u00f6ng\u00f6rd\u00fc\u011f\u00fc \u015fekilde kullan\u0131l\u0131p kullan\u0131lmad\u0131\u011f\u0131n\u0131n tespitini,<br><strong>2) GC2<\/strong>, ithalat vergilerinden tam muafiyet suretiyle ge\u00e7ici ithalat rejimine konu \u00f6zel nitelikli e\u015fyan\u0131n (kal\u0131p, \u00e7izim, taslak ve benzeri di\u011fer e\u015fya, \u00f6l\u00e7me, kontrol, test ara\u00e7lar\u0131 ve benzeri di\u011fer e\u015fya ile \u00f6zel alet ve ara\u00e7lar) kullan\u0131m\u0131 sonucunda elde edilen \u00fcr\u00fcnlerin tamam\u0131n\u0131n ya da \u00f6ng\u00f6r\u00fclen oranda T\u00fcrkiye G\u00fcmr\u00fck B\u00f6lgesinden ihra\u00e7 edildi\u011finin tespitini, kapsar.<\/p>\n\n\n\n<p><strong>C) GK1<\/strong>, g\u00fcmr\u00fck kontrol\u00fc alt\u0131nda i\u015fleme rejimi kapsam\u0131nda ibra i\u015fleminin tespitini kapsar.<\/p>\n\n\n\n<p><strong>\u00c7) NK1<\/strong>, e\u015fyan\u0131n \u00f6ng\u00f6r\u00fclen s\u00fcre d\u00e2hilinde nihai kullan\u0131ma tahsis edilip edilmedi\u011fi ve \u00f6ng\u00f6r\u00fclen ama\u00e7lar i\u00e7in kullan\u0131l\u0131p kullan\u0131lmad\u0131\u011f\u0131n\u0131n tespitini kapsar.<\/p>\n\n\n\n<p><strong>D) DR1<\/strong>, d\u00e2hilde i\u015fleme rejimi kapsam\u0131ndaki e\u015fyaya verilen izinlerle ilgili s\u00fcre uzat\u0131mlar\u0131na esas te\u015fkil edecek i\u015flemlerin tespitini kapsar.<\/p>\n\n\n\n<p><strong>E)<\/strong>&nbsp;Men\u015fe mevzuat\u0131na ili\u015fkin tespit i\u015flemleri,<br><strong>1) SK1<\/strong>, \u0130braz edildi\u011fi ithalat\u00e7\u0131 \u00fclkeden sonradan kontrol talebiyle al\u0131nan A.TR Dola\u015f\u0131m Belgeleri, EUR 1 \/ EUR.MED Dola\u015f\u0131m Belgeleri ile EUR.1 \/ EUR.MED Dola\u015f\u0131m Sertifikalar\u0131 ve\/veya Fatura Beyanlar\u0131 \/ EUR.MED Fatura Beyanlar\u0131n\u0131n ilgili mevzuatlar\u0131 \u00e7er\u00e7evesinde sonradan kontrol i\u015flemlerinin yap\u0131lmas\u0131n\u0131,<br><strong>2) INF4<\/strong>, ithalat\u00e7\u0131 \u00fclke g\u00fcmr\u00fck idarelerinden kontrol talebiyle al\u0131nan k\u0131sa d\u00f6nem ve\/veya uzun d\u00f6nem tedarik\u00e7i beyanlar\u0131n\u0131n ilgili mevzuatlar\u0131 \u00e7er\u00e7evesinde kontrollerinin yap\u0131larak, INF 4 Bilgi Formu d\u00fczenlenmesine y\u00f6nelik i\u015flemlerin yap\u0131lmas\u0131n\u0131,<br><strong>3) AT1<\/strong>, 4458 say\u0131l\u0131 G\u00fcmr\u00fck Kanunu ve d\u0131\u015f ticaret mevzuat\u0131na uygun olarak ithal edildikten ve kullan\u0131ld\u0131ktan sonra ihra\u00e7 edilmek istenilen e\u015fya i\u00e7in A.TR Dola\u015f\u0131m Belgesi d\u00fczenlenmesinin s\u00f6z konusu oldu\u011fu; ancak bu e\u015fyan\u0131n ithaline ili\u015fkin tevsik edici belgelerin, 4458 say\u0131l\u0131 G\u00fcmr\u00fck Kanununun 13 \u00fcnc\u00fc maddesinde yer alan 5 y\u0131ll\u0131k belge saklama s\u00fcresinin ge\u00e7mesi nedeniyle art\u0131k mevcut olmad\u0131\u011f\u0131 hallerde, \u0130hracat\u0131 ve Yat\u0131r\u0131mlar\u0131 Te\u015fvik mevzuat\u0131 h\u00fck\u00fcmleri ve \u0130thalat Rejiminin Mahrecine \u0130ade h\u00fck\u00fcmleri sakl\u0131 kalmak ve e\u015fyan\u0131n serbest dola\u015f\u0131mda oldu\u011funu belirleyen ticari belge ve kay\u0131tlar\u0131 ile e\u015fyan\u0131n muhasebe kay\u0131tlar\u0131n\u0131n bulundu\u011fu envanter defteri kay\u0131tlar\u0131 esas al\u0131narak serbest dola\u015f\u0131m stat\u00fcs\u00fcn\u00fcn belirlenmesini,<br><strong>4) EU2<\/strong>, tercihli ticaret anla\u015fmalar\u0131 \u00e7er\u00e7evesinde onaylanm\u0131\u015f ihracat\u00e7\u0131 yetkisi ba\u015fvurusuna konu e\u015fyan\u0131n men\u015fe kurallar\u0131na uygunlu\u011funun tespitini, kapsar.<\/p>\n\n\n\n<p><strong>F)<\/strong>&nbsp;Onaylanm\u0131\u015f Ki\u015fi Stat\u00fcs\u00fcne ili\u015fkin tespit i\u015flemleri;<br><strong>OK1<\/strong>, onaylanm\u0131\u015f ki\u015fi stat\u00fc belgesi m\u00fcracaat\u0131na ili\u015fkin ba\u015fvuru dosyalar\u0131n\u0131n \u00f6n incelemesini kapsar.<\/p>\n\n\n\n<p><strong>G)<\/strong>&nbsp;A.TR. dola\u015f\u0131m belgesi onay i\u015flemleri.<\/p>\n\n\n\n<p><strong>H)<\/strong>&nbsp;(Ek:RG-1\/9\/2012-28398) \u00c7ok zor duruma ili\u015fkin tespit i\u015flemleri,<br><strong>ZD1<\/strong>, 21\/7\/1953 tarihli ve 6183 say\u0131l\u0131 Amme Alacaklar\u0131n\u0131n Tahsil Usul\u00fc Hakk\u0131nda Kanunun 48 inci maddesi ve 22\/4\/2011 tarihli ve 27913 say\u0131l\u0131 Resm\u00ee Gazete\u2019de yay\u0131mlanan Tahsilat \u0130\u015flemleri G\u00fcmr\u00fck Genel Tebli\u011fi (Seri No:1)\u2019nin 17 nci maddesi gere\u011fince, tecil ve taksitlendirme talebinde bulunan y\u00fck\u00fcml\u00fclerin \u00e7ok zor durumda olup olmad\u0131klar\u0131n\u0131n tespitini kapsar.<\/p>\n\n\n\n<p><strong>I)<\/strong>&nbsp;(Ek:RG-1\/9\/2012-28398) Beyannamenin belirli alanlar\u0131nda yap\u0131lacak,d\u00fczeltmeye ili\u015fkin tespit i\u015flemleri.<\/p>\n\n\n\n<p><strong>\u0130)<\/strong>&nbsp;TK1, Takas i\u015flemlerinde KKDF muafiyeti tespit raporu<\/p>\n","protected":false},"excerpt":{"rendered":"<p>Genel ve \u00f6zel antrepolara ili\u015fkin tespit i\u015flemleri; 1) AN1, antreponun a\u00e7\u0131lmas\u0131na ili\u015fkin ba\u015fvuru dosyalar\u0131n\u0131n \u00f6n incelemesini,2) AN2, antrepoda geni\u015fletme, daraltma i\u015flemlerine ili\u015fkin ba\u015fvuru dosyalar\u0131n\u0131n \u00f6n incelemesini,3) AN3, antrepodaki tadilatlara ili\u015fkin ba\u015fvuru dosyalar\u0131n\u0131n \u00f6n incelemesini,4) AN4, antrepodaki adres de\u011fi\u015fikli\u011fine ili\u015fkin ba\u015fvuru dosyalar\u0131n\u0131n \u00f6n incelemesini,5) AN5, G\u00fcmr\u00fck Y\u00f6netmeli\u011finin 523 \u00fcnc\u00fc maddesi \u00e7er\u00e7evesinde antreponun devir i\u015flemlerinin mevzuata uygunlu\u011funun&hellip; <br \/> <a class=\"button small blue\" href=\"https:\/\/portygm.com.tr\/?page_id=47\">Devam\u0131<\/a><\/p>\n","protected":false},"author":1,"featured_media":0,"parent":40,"menu_order":0,"comment_status":"closed","ping_status":"closed","template":"","meta":[],"_links":{"self":[{"href":"https:\/\/portygm.com.tr\/index.php?rest_route=\/wp\/v2\/pages\/47"}],"collection":[{"href":"https:\/\/portygm.com.tr\/index.php?rest_route=\/wp\/v2\/pages"}],"about":[{"href":"https:\/\/portygm.com.tr\/index.php?rest_route=\/wp\/v2\/types\/page"}],"author":[{"embeddable":true,"href":"https:\/\/portygm.com.tr\/index.php?rest_route=\/wp\/v2\/users\/1"}],"replies":[{"embeddable":true,"href":"https:\/\/portygm.com.tr\/index.php?rest_route=%2Fwp%2Fv2%2Fcomments&post=47"}],"version-history":[{"count":1,"href":"https:\/\/portygm.com.tr\/index.php?rest_route=\/wp\/v2\/pages\/47\/revisions"}],"predecessor-version":[{"id":48,"href":"https:\/\/portygm.com.tr\/index.php?rest_route=\/wp\/v2\/pages\/47\/revisions\/48"}],"up":[{"embeddable":true,"href":"https:\/\/portygm.com.tr\/index.php?rest_route=\/wp\/v2\/pages\/40"}],"wp:attachment":[{"href":"https:\/\/portygm.com.tr\/index.php?rest_route=%2Fwp%2Fv2%2Fmedia&parent=47"}],"curies":[{"name":"wp","href":"https:\/\/api.w.org\/{rel}","templated":true}]}}