{"id":42,"date":"2020-12-09T09:42:06","date_gmt":"2020-12-09T09:42:06","guid":{"rendered":"http:\/\/portygm.com.tr\/?page_id=42"},"modified":"2020-12-11T13:28:06","modified_gmt":"2020-12-11T13:28:06","slug":"mevzuat","status":"publish","type":"page","link":"https:\/\/portygm.com.tr\/?page_id=42","title":{"rendered":"Mevzuat"},"content":{"rendered":"\n<p><strong><a href=\"http:\/\/portygm.com.tr\/?page_id=59\">4458 SAYILI G\u00dcMR\u00dcK KANUNU<\/a><\/strong><\/p>\n\n\n\n<p><strong><a href=\"http:\/\/portygm.com.tr\/?page_id=68\">G\u00dcMR\u00dcK Y\u00d6NETMEL\u0130\u011e\u0130<\/a><\/strong><\/p>\n\n\n\n<p><strong><a href=\"http:\/\/portygm.com.tr\/?page_id=47\">SER\u0130 NO 6 YGM TEBL\u0130\u011e\u0130<\/a><\/strong><\/p>\n","protected":false},"excerpt":{"rendered":"<p>4458 SAYILI G\u00dcMR\u00dcK KANUNU G\u00dcMR\u00dcK Y\u00d6NETMEL\u0130\u011e\u0130 SER\u0130 NO 6 YGM TEBL\u0130\u011e\u0130<\/p>\n","protected":false},"author":1,"featured_media":0,"parent":0,"menu_order":3,"comment_status":"closed","ping_status":"closed","template":"","meta":[],"_links":{"self":[{"href":"https:\/\/portygm.com.tr\/index.php?rest_route=\/wp\/v2\/pages\/42"}],"collection":[{"href":"https:\/\/portygm.com.tr\/index.php?rest_route=\/wp\/v2\/pages"}],"about":[{"href":"https:\/\/portygm.com.tr\/index.php?rest_route=\/wp\/v2\/types\/page"}],"author":[{"embeddable":true,"href":"https:\/\/portygm.com.tr\/index.php?rest_route=\/wp\/v2\/users\/1"}],"replies":[{"embeddable":true,"href":"https:\/\/portygm.com.tr\/index.php?rest_route=%2Fwp%2Fv2%2Fcomments&post=42"}],"version-history":[{"count":5,"href":"https:\/\/portygm.com.tr\/index.php?rest_route=\/wp\/v2\/pages\/42\/revisions"}],"predecessor-version":[{"id":259,"href":"https:\/\/portygm.com.tr\/index.php?rest_route=\/wp\/v2\/pages\/42\/revisions\/259"}],"wp:attachment":[{"href":"https:\/\/portygm.com.tr\/index.php?rest_route=%2Fwp%2Fv2%2Fmedia&parent=42"}],"curies":[{"name":"wp","href":"https:\/\/api.w.org\/{rel}","templated":true}]}}