{"id":40,"date":"2020-12-09T09:41:53","date_gmt":"2020-12-09T09:41:53","guid":{"rendered":"http:\/\/portygm.com.tr\/?page_id=40"},"modified":"2020-12-11T07:42:05","modified_gmt":"2020-12-11T07:42:05","slug":"hizmetlerimiz","status":"publish","type":"page","link":"https:\/\/portygm.com.tr\/?page_id=40","title":{"rendered":"Hizmetlerimiz"},"content":{"rendered":"\n<p><a href=\"http:\/\/portygm.com.tr\/?page_id=47\">-Yetkilendirilmi\u015f G\u00fcmr\u00fck M\u00fc\u015favirli\u011fi<\/a><\/p>\n\n\n\n<p><a href=\"http:\/\/portygm.com.tr\/?page_id=49\">-Yetkilendirilmi\u015f Y\u00fck\u00fcml\u00fc Sertifikas\u0131 \u0130\u015flemleri<\/a><\/p>\n\n\n\n<p><a href=\"http:\/\/portygm.com.tr\/?page_id=54\">-Denetim Hizmetleri<\/a><\/p>\n\n\n\n<p><a href=\"http:\/\/portygm.com.tr\/?page_id=51\">-Dan\u0131\u015fmanl\u0131k Hizmetleri<\/a><\/p>\n","protected":false},"excerpt":{"rendered":"<p>-Yetkilendirilmi\u015f G\u00fcmr\u00fck M\u00fc\u015favirli\u011fi -Yetkilendirilmi\u015f Y\u00fck\u00fcml\u00fc Sertifikas\u0131 \u0130\u015flemleri -Denetim Hizmetleri -Dan\u0131\u015fmanl\u0131k Hizmetleri<\/p>\n","protected":false},"author":1,"featured_media":0,"parent":0,"menu_order":0,"comment_status":"closed","ping_status":"closed","template":"","meta":[],"_links":{"self":[{"href":"https:\/\/portygm.com.tr\/index.php?rest_route=\/wp\/v2\/pages\/40"}],"collection":[{"href":"https:\/\/portygm.com.tr\/index.php?rest_route=\/wp\/v2\/pages"}],"about":[{"href":"https:\/\/portygm.com.tr\/index.php?rest_route=\/wp\/v2\/types\/page"}],"author":[{"embeddable":true,"href":"https:\/\/portygm.com.tr\/index.php?rest_route=\/wp\/v2\/users\/1"}],"replies":[{"embeddable":true,"href":"https:\/\/portygm.com.tr\/index.php?rest_route=%2Fwp%2Fv2%2Fcomments&post=40"}],"version-history":[{"count":4,"href":"https:\/\/portygm.com.tr\/index.php?rest_route=\/wp\/v2\/pages\/40\/revisions"}],"predecessor-version":[{"id":210,"href":"https:\/\/portygm.com.tr\/index.php?rest_route=\/wp\/v2\/pages\/40\/revisions\/210"}],"wp:attachment":[{"href":"https:\/\/portygm.com.tr\/index.php?rest_route=%2Fwp%2Fv2%2Fmedia&parent=40"}],"curies":[{"name":"wp","href":"https:\/\/api.w.org\/{rel}","templated":true}]}}