{"id":214,"date":"2020-12-11T10:10:14","date_gmt":"2020-12-11T10:10:14","guid":{"rendered":"http:\/\/portygm.com.tr\/?page_id=214"},"modified":"2021-01-22T08:01:52","modified_gmt":"2021-01-22T08:01:52","slug":"one-page-express","status":"publish","type":"page","link":"https:\/\/portygm.com.tr\/","title":{"rendered":"Anasayfa"},"content":{"rendered":"<div  id=\"overlapable-2\" class=\"features-coloured-icon-boxes-section\" style=\"background-color: #ffffff;\" data-label=\"Overlapable\" data-id=\"stripped-coloured-icon-boxes\" data-category=\"overlapable\" data-overlap=\"true\">\n<div  class=\"gridContainer\">\n<div  class=\"features-coloured-icon-boxes-innerrow flexbox-list dark-text\" data-type=\"row\">\n<div  class=\"features-coloured-icon-boxes-featurecol cp3cols\">\n<div  class=\"features-coloured-icon-boxes-iconcontainer\" data-content-item-container=\"true\"><\/div>\n<h4  class=\"\">YGM Hizmetleri<\/h4>\n<p  class=\"\">AN1\n<br ><br >\n\nAN2\n<br ><br >\n\nAN3\n\n<br ><br >\nAN4\n\n<br ><br >\nAN5\n\n<br ><br >\nAN6\n\n<br ><br >\nAN7\n<br ><br >\n\nAN8\n\n<br ><br >\nAN9\n\n<br ><br >\nGC1<\/p>\n\nGC2\nNK1\n\nDR1\n\nOK1\n\n<a class=\"features-coloured-button\" href=\"http:\/\/portygm.com.tr?page_id=47#page-content\" target=\"_self\" rel=\"noopener\">YGM<\/a>\n\n<\/div>\n<div  class=\"features-coloured-icon-boxes-featurecol cp3cols\">\n<div  class=\"features-coloured-icon-boxes-iconcontainer\" data-content-item-container=\"true\"><\/div>\n<h4  class=\"\">YYS Dan\u0131\u015fmanl\u0131\u011f\u0131<\/h4>\n<p  class=\"\">G\u00fcmr\u00fck ve Ticaret Bakanl\u0131\u011f\u0131n\u0131n 21 May\u0131s 2014, 29006 Say\u0131l\u0131 Resmi Gazete yay\u0131nlanan \u201cG\u00fcmr\u00fck \u0130\u015flemlerinin kolayla\u015ft\u0131r\u0131lmas\u0131 y\u00f6netmeli\u011fi\u201d kapsam\u0131nda Yetkilendirilmi\u015f Y\u00fck\u00fcml\u00fc Sertifikaland\u0131r\u0131lmas\u0131 \u0130\u015flemler<\/p>\n<a class=\"features-coloured-button\" href=\"http:\/\/portygm.com.tr?page_id=49\" target=\"_self\" rel=\"noopener\">YYS<\/a>\n\n<\/div>\n<div  class=\"features-coloured-icon-boxes-featurecol cp3cols\">\n<div  class=\"features-coloured-icon-boxes-iconcontainer\" data-content-item-container=\"true\"><\/div>\n<h4  class=\"\">Denetim Hizmeleri<\/h4>\n<p  class=\"\">G\u00fcmr\u00fck i\u015flemlerinin usul\u00fcne uygun olarak yap\u0131l\u0131p yap\u0131lmad\u0131\u011f\u0131 incelenmesi ve bu inceleme neticesinde y\u0131ll\u0131k faaliyet raporu d\u00fczenlenmesi i\u015flemleri.<\/p>\n<a class=\"features-coloured-button\" href=\"http:\/\/portygm.com.tr?page_id=54\" target=\"_self\" rel=\"noopener\">DENET\u0130M<\/a>\n\n<\/div>\n<div  class=\"features-coloured-icon-boxes-featurecol cp3cols\">\n<div  class=\"features-coloured-icon-boxes-iconcontainer\" data-content-item-container=\"true\"><\/div>\n<h4  class=\"\">Dan\u0131\u015fmanl\u0131k Hizmetleri<\/h4>\n<p  class=\"\">* YETK\u0130LEND\u0130R\u0130LM\u0130\u015e Y\u00dcK\u00dcML\u00dc MEVZUATI VE DANI\u015eMANLI\u011eI (AEO Dan\u0131\u015fmanl\u0131k)\n* EKONOM\u0130K ETK\u0130L\u0130 G\u00dcMR\u00dcK REJ\u0130MLER\u0130 ve T\u00dcM G\u00dcMR\u00dcK \u0130\u015eLEMLER\u0130\n* VERG\u0130-RES\u0130M VE FONLAR\n* MEN\u015eE-TAR\u0130FE-KIYMET-ROYALT\u0130 L\u0130SANS\n* GV-KDV-\u00d6TV-DV-KKDF-FONLAR\n* MUAF\u0130YETLER-\u015eARTLI MUAF\u0130YETLER<\/p>\n<a class=\"features-coloured-button\" href=\"http:\/\/portygm.com.tr?page_id=51\" target=\"_self\" rel=\"noopener\">DANI\u015eMANLIK<\/a>\n\n<\/div>\n<\/div>\n<\/div>\n<\/div><div  id=\"about-1\" class=\"about-big-images-section\" style=\"background-color: #f6f6f6;\" data-label=\"About\" data-id=\"about-big-images-section\" data-category=\"about\">\n<div  class=\"gridContainer\">\n<div  class=\"about-big-images-textrow\">\n<div  class=\"about-big-images-textcol dynamic-color\" data-type=\"column\">\n<h5  class=\"\">Port Yetkilendirilmi\u015f G\u00fcmr\u00fck M\u00fc\u015favirli\u011fi A.\u015e<\/h5>\n<p  class=\"\"><\/p>\n<p  class=\"\">\u015eirketimiz;&nbsp;&nbsp;4458 say\u0131l\u0131,&nbsp;&nbsp;G\u00fcmr\u00fck Kanununun 10 ve 226 nc\u0131 maddeleri ile G\u00fcmr\u00fck Y\u00f6netmeli\u011finin 574 \u00fcnc\u00fc maddesine istinaden haz\u0131rlanan; Yetkilendirilmi\u015f G\u00fcmr\u00fck M\u00fc\u015favirli\u011fi Tebli\u011fi \u015fartlar\u0131na g\u00f6re kurulmu\u015ftur.<\/p>\n<p  class=\"\">Kamu ad\u0131na i\u015f ve i\u015flem y\u00fcr\u00fctt\u00fc\u011f\u00fcn\u00fcn bilincinde olarak kamu kurumlar\u0131 i\u00e7in \u00f6ng\u00f6r\u00fclen etik k\u00fclt\u00fcr\u00fcn\u00fc benimsemeyi ve bu k\u00fclt\u00fcre uygun bir \u00e7al\u0131\u015fma ya\u015fam\u0131 belirlemeyi kendine ilke edinmi\u015ftir.<\/p>\n\n<\/div>\n<\/div>\n<\/div>\n<div  class=\"about-big-images-bottomrow\">\n<div  class=\"about-big-images-leftimgcol\"><img  class=\"about-big-images-leftimg\" src=\"http:\/\/portygm.com.tr\/wp-content\/plugins\/one-page-express-companion\/theme-data\/one-page-express\/sections\/images\/nordwood-themes-180852.jpg\"><\/div>\n<div  class=\"about-big-images-centerimgcol\"><img  class=\"about-big-images-centerimg\" src=\"http:\/\/portygm.com.tr\/wp-content\/plugins\/one-page-express-companion\/theme-data\/one-page-express\/sections\/images\/ir5likvfqc4-william-iven-1920x1275.jpg\"><\/div>\n<div  class=\"about-big-images-rightimgcol\"><img  class=\"about-big-images-rightimg\" src=\"http:\/\/portygm.com.tr\/wp-content\/plugins\/one-page-express-companion\/theme-data\/one-page-express\/sections\/images\/project1.jpg\"><\/div>\n<\/div>\n<\/div><div  id=\"content-3\" class=\"content-left-image-section\" style=\"background-color: #ffffff;\" data-label=\"Content\" data-id=\"content-image-left\" data-category=\"content\">\n<div  class=\"gridContainer\">\n<div  class=\"row\">\n<div  class=\"content-left-image-imgcol\" data-type=\"column\"><img  class=\"\" src=\"http:\/\/portygm.com.tr\/wp-content\/plugins\/one-page-express-companion\/theme-data\/one-page-express\/sections\/images\/project1.jpg\"><\/div>\n<div  class=\"content-left-image-textcol dynamic-color\" data-type=\"column\">\n<p  class=\"large_text\"><\/p>\n<p  class=\"\"><strong >Mesleki Prensiplerimiz<\/strong>; Mesleki Sorumluluk; G\u00fcmr\u00fck ve Ticaret Mevzuat\u0131na Uygunluk;<\/p>\n<p  class=\"\">&nbsp;Proaktif &amp; \u00c7\u00f6z\u00fcm Odakl\u0131 Hizmet; Gizlilik; Etik De\u011ferlere Ba\u011f\u0131ml\u0131l\u0131k ve \u0130\u015f G\u00fcvenli\u011finin sa\u011flanmas\u0131d\u0131r.<\/p>\n<p  class=\"\"><strong >Ba\u015fl\u0131ca Hizmetlerimiz<\/strong>:<\/p>\n<p  class=\"\"><strong >1<\/strong>-Genel ve \u00d6zel&nbsp;Antrepolara&nbsp;\u0130li\u015fkin Tespit \u0130\u015flemleri<\/p>\n<p  class=\"\">AN1 ila AN9 Antrepo Tespit \u0130\u015flemleri<\/p>\n<p  class=\"\"><strong >2-<\/strong>&nbsp;Di\u011fer Ekonomik Etkili G\u00fcmr\u00fck Rejimlerine \u0130li\u015fkin&nbsp; Tespit \u0130\u015flemleri<\/p>\n<p  class=\"\">Ge\u00e7ici \u0130thalat<\/p>\n<span  class=\"\" style=\"font-size: 19.98px; font-family: 'Source Sans Pro', sans-serif;\">G\u00fcmr\u00fck Kontrol\u00fc Alt\u0131nda \u0130\u015fleme Rejimi\n<\/span><span  class=\"\" style=\"font-size: 19.98px; font-family: 'Source Sans Pro', sans-serif;\">Nihai Kullan\u0131m<\/span>\n<p  class=\"\">Dahilde \u0130\u015fleme Rejimi Tespit \u0130\u015flemleri<\/p>\n<p  class=\"\"><strong >3-<\/strong>&nbsp;Men\u015fe Mevzuat\u0131na \u0130li\u015fkin&nbsp; Tespit \u0130\u015flemleri<\/p>\n<p  class=\"\">EUR1 ve Tedarik\u00e7i Beyan\u0131 Tespit \u0130\u015flemleri<\/p>\n<p  class=\"\"><strong >4<\/strong>-OKSB, Beyannamede D\u00fczeltmeye Y\u00f6nelik Tespit \u0130\u015flemleri<\/p>\n<strong  class=\"\" style=\"font-size: 19.98px;\">5-<\/strong><span  class=\"\" style=\"font-size: 19.98px; font-family: 'Source Sans Pro', sans-serif;\">&nbsp;Tebli\u011f Kapsam\u0131 Di\u011fer Tespit \u0130\u015flemleri<\/span>\n<p  class=\"\"><strong >6-<\/strong>&nbsp;Dan\u0131\u015fmanl\u0131k Hizmetleri<\/p>\n<p  class=\"\">Mevzuata uygun bir \u015fekilde yerine getirilmesi i\u00e7in g\u00f6rev yapmaktay\u0131z.<\/p>\n\n<div  class=\"spacer\" data-type=\"group\"><\/div>\n<\/div>\n<\/div>\n<\/div>\n<\/div><div  id=\"portfolio-2\" style=\"background-color: #ffffff;\" data-label=\"Portfolio\" data-id=\"portfolio-full-section\" data-category=\"portfolio\">\n<div  class=\"portfolio-full-section\" data-type=\"row\">\n<div  class=\"portfolio-full-projectco cp4cols cp4cols-tablet\">\n<div  id=\"ContentSwap103\" class=\"contentswap-effect ContentSwap103\">\n<div  class=\"ContentSwap103_content initial-image\"><img  class=\"portfolio-full-projectimg\" src=\"http:\/\/portygm.com.tr\/wp-content\/plugins\/one-page-express-companion\/theme-data\/one-page-express\/sections\/images\/project3.jpg\" data-size=\"1200x800\"><\/div>\n<div  class=\"overlay\" style=\"display: block; opacity: 1;\"><\/div>\n<div  class=\"swap-inner\" style=\"opacity: 1; display: block;\">\n<div  class=\"ContentSwap103-center\">\n<h4  class=\"protfolio-full-itemtitle\">YGM Y\u00f6netmeli\u011fi<\/h4>\n<a href=\"http:\/\/portygm.com.tr?page_id=78\" target=\"_blank\" rel=\"noopener\">T\u0131klay\u0131n<\/a>\n\n<\/div>\n<\/div>\n<\/div>\n<\/div>\n<div  class=\"portfolio-full-projectco cp4cols cp4cols-tablet\">\n<div  id=\"ContentSwap103\" class=\"contentswap-effect ContentSwap103\">\n<div  class=\"ContentSwap103_content initial-image\"><a  href=\"http:\/\/portygm.com.tr?page_id=59\"><img  class=\"portfolio-full-projectimg\" src=\"http:\/\/portygm.com.tr\/wp-content\/plugins\/one-page-express-companion\/theme-data\/one-page-express\/sections\/images\/project1.jpg\" data-size=\"1200x800\"><\/a><\/div>\n<div  class=\"overlay\" style=\"display: block; opacity: 1;\"><\/div>\n<div  class=\"swap-inner\" style=\"opacity: 1; display: block;\">\n<div  class=\"ContentSwap103-center\">\n<h4  class=\"protfolio-full-itemtitle\">G\u00fcmr\u00fck Kanunu<\/h4>\n<a href=\"http:\/\/portygm.com.tr?page_id=59\" target=\"_blank\" rel=\"noopener\">T\u0131klay\u0131n<\/a>\n\n<\/div>\n<\/div>\n<\/div>\n<\/div>\n<div  class=\"portfolio-full-projectco cp4cols cp4cols-tablet\">\n<div  id=\"ContentSwap103\" class=\"contentswap-effect ContentSwap103\">\n<div  class=\"ContentSwap103_content initial-image\"><a href=\"http:\/\/portygm.com.tr?page_id=68\" target=\"_blank\" rel=\"noopener\"><img  class=\"portfolio-full-projectimg\" src=\"http:\/\/portygm.com.tr\/wp-content\/plugins\/one-page-express-companion\/theme-data\/one-page-express\/sections\/images\/project2.jpg\" data-size=\"1200x800\"><\/a><\/div>\n<div  class=\"overlay\" style=\"display: block; opacity: 1;\"><\/div>\n<div  class=\"swap-inner\" style=\"opacity: 1; display: block;\">\n<div  class=\"ContentSwap103-center\">\n<h4  class=\"protfolio-full-itemtitle\">G\u00fcmr\u00fck Y\u00f6netmeli\u011fi<\/h4>\n<a href=\"http:\/\/portygm.com.tr?page_id=262\" target=\"_blank\" rel=\"noopener\">T\u0131klay\u0131n<\/a>\n\n<\/div>\n<\/div>\n<\/div>\n<\/div>\n<\/div>\n<\/div><div  id=\"contact-4\" class=\"contact-section-formsection white-text\" data-label=\"Contact\" data-id=\"contact-section\" data-category=\"contact\" data-bg=\"transparent\">\n<div  class=\"\">\n<div  class=\"row_224\">\n<div  class=\"contact-textrow\">\n<div  class=\"contact-textcol dynamic-color\">\n<h2  class=\"\">\u0130LET\u0130\u015e\u0130M<\/h2>\n<p  class=\"white_text\">Tatl\u0131kuyu Mah. 1301\/4 Sok No:19 Kat:1 \/ 204 Gebze\/KOCAEL\u0130<\/p>\nMail: info@portygm.com.tr]\n\n<\/div>\n<\/div>\n<\/div>\n<div  class=\"contact-formcol\" data-content-shortcode=\"one_page_express_contact_form shortcode=&quot;0(262) 999 43 75&quot;\" data-editable=\"true\">[0(262) 999 43 75]<\/div>\n<\/div>\n<\/div>","protected":false},"excerpt":{"rendered":"<p>YGM Hizmetleri AN1 AN2 AN3 AN4 AN5 AN6 AN7 AN8 AN9 GC1 GC2 NK1 DR1 OK1 YGM YYS Dan\u0131\u015fmanl\u0131\u011f\u0131 G\u00fcmr\u00fck ve Ticaret Bakanl\u0131\u011f\u0131n\u0131n 21 May\u0131s 2014, 29006 Say\u0131l\u0131 Resmi Gazete yay\u0131nlanan \u201cG\u00fcmr\u00fck \u0130\u015flemlerinin kolayla\u015ft\u0131r\u0131lmas\u0131 y\u00f6netmeli\u011fi\u201d kapsam\u0131nda Yetkilendirilmi\u015f Y\u00fck\u00fcml\u00fc Sertifikaland\u0131r\u0131lmas\u0131 \u0130\u015flemler YYS Denetim Hizmeleri G\u00fcmr\u00fck i\u015flemlerinin usul\u00fcne uygun olarak yap\u0131l\u0131p yap\u0131lmad\u0131\u011f\u0131 incelenmesi ve bu inceleme neticesinde&hellip; <br \/> <a class=\"button small blue\" href=\"https:\/\/portygm.com.tr\/?p=1\">Devam\u0131<\/a><\/p>\n","protected":false},"author":1,"featured_media":0,"parent":0,"menu_order":0,"comment_status":"closed","ping_status":"closed","template":"","meta":[],"_links":{"self":[{"href":"https:\/\/portygm.com.tr\/index.php?rest_route=\/wp\/v2\/pages\/214"}],"collection":[{"href":"https:\/\/portygm.com.tr\/index.php?rest_route=\/wp\/v2\/pages"}],"about":[{"href":"https:\/\/portygm.com.tr\/index.php?rest_route=\/wp\/v2\/types\/page"}],"author":[{"embeddable":true,"href":"https:\/\/portygm.com.tr\/index.php?rest_route=\/wp\/v2\/users\/1"}],"replies":[{"embeddable":true,"href":"https:\/\/portygm.com.tr\/index.php?rest_route=%2Fwp%2Fv2%2Fcomments&post=214"}],"version-history":[{"count":13,"href":"https:\/\/portygm.com.tr\/index.php?rest_route=\/wp\/v2\/pages\/214\/revisions"}],"predecessor-version":[{"id":284,"href":"https:\/\/portygm.com.tr\/index.php?rest_route=\/wp\/v2\/pages\/214\/revisions\/284"}],"wp:attachment":[{"href":"https:\/\/portygm.com.tr\/index.php?rest_route=%2Fwp%2Fv2%2Fmedia&parent=214"}],"curies":[{"name":"wp","href":"https:\/\/api.w.org\/{rel}","templated":true}]}}